{"id":366,"date":"2024-06-03T13:57:17","date_gmt":"2024-06-03T13:57:17","guid":{"rendered":"https:\/\/movidaaperitivo.de\/home-3\/"},"modified":"2025-04-06T21:24:43","modified_gmt":"2025-04-06T21:24:43","slug":"home-3","status":"publish","type":"page","link":"https:\/\/movidaaperitivo.de\/en\/","title":{"rendered":"Home"},"content":{"rendered":"<div class=\"wp-block-uagb-container uagb-block-09e57f9e alignfull uagb-is-root-container\"><div class=\"uagb-container-inner-blocks-wrap\">\n<div data-aos= \"fade-up\" data-aos-duration=\"400\" data-aos-delay=\"0\" data-aos-easing=\"ease\" data-aos-once=\"true\" class=\"wp-block-uagb-info-box uagb-block-adf23bff uagb-infobox__content-wrap  uagb-infobox-icon-above-title uagb-infobox-image-valign-top\"><div class=\"uagb-ifb-content\"><div class=\"uagb-ifb-title-wrap\"><span class=\"uagb-ifb-title-prefix\">Movida<\/span><h1 class=\"uagb-ifb-title\">Welcome<\/h1><\/div><p class=\"uagb-ifb-desc\">Italienische K\u00fcche, erfrischende Aperol Spritz und eine gem\u00fctliche Atmosph\u00e4re \u2013 im Movida in Berlin Steglitz.<\/p><div class=\"uagb-ifb-separator\"><\/div><\/div><\/div>\n\n\n\n<div class=\"wp-block-uagb-icon-list uagb-block-9403576b\"><div class=\"uagb-icon-list__wrap\">\n<div data-aos= \"fade-down\" data-aos-duration=\"400\" data-aos-delay=\"0\" data-aos-easing=\"ease\" data-aos-once=\"true\" class=\"wp-block-uagb-icon-list-child uagb-block-b4f9270e\"><a target=\"_self\" aria-label=\"Scroll Down\" rel=\"noopener noreferrer\" href=\"#down\"> <\/a><span class=\"uagb-icon-list__source-wrap\"><svg xmlns=\"https:\/\/www.w3.org\/2000\/svg\" viewbox=\"0 0 384 512\"><path d=\"M0 352c0 88.38 71.63 160 160 160h64c88.38 0 160-71.63 160-160V224H0V352zM176 0H160C71.63 0 0 71.62 0 160v32h176V0zM224 0h-16v192H384V160C384 71.62 312.4 0 224 0z\"><\/path><\/svg><\/span><span class=\"uagb-icon-list__label\">Scroll Down<\/span><\/div>\n<\/div><\/div>\n<\/div><\/div>\n\n\n\n<div id=\"down\" class=\"wp-block-uagb-container uagb-block-2b2e2abf alignfull uagb-is-root-container\"><div class=\"uagb-container-inner-blocks-wrap\">\n<div class=\"wp-block-uagb-container uagb-block-30a9ba27\">\n<div data-aos= \"fade-down\" data-aos-duration=\"400\" data-aos-delay=\"0\" data-aos-easing=\"ease\" data-aos-once=\"true\" class=\"wp-block-uagb-info-box uagb-block-81f3449e uagb-infobox__content-wrap  uagb-infobox-icon-above-title uagb-infobox-image-valign-top\"><div class=\"uagb-ifb-content\"><div class=\"uagb-ifb-title-wrap\"><\/div><p class=\"uagb-ifb-desc\"><strong>Welcome to our website!<\/strong><br><br>Bei Movida trifft moderne italienische K\u00fcche auf herzliche Gastfreundschaft. Unser Restaurant ist der perfekte Ort f\u00fcr alle, die authentische italienische Speisen in entspannter Atmosph\u00e4re genie\u00dfen m\u00f6chten.<br>Here you can find our current food and drink offer, contact us at any time or share your experiences with us.<br>We look forward to your visit!<br><br>Best Regards,<br>Movida &#8211; Team<\/p><\/div><\/div>\n\n\n\n<div style=\"height:40px\" aria-hidden=\"true\" class=\"wp-block-spacer\"><\/div>\n<\/div>\n\n\n\n<div class=\"wp-block-uagb-container uagb-block-da6f683d\">\n<div class=\"wp-block-group has-small-font-size is-nowrap is-layout-flex wp-container-core-group-is-layout-1 wp-block-group-is-layout-flex\">\n<figure class=\"wp-block-image size-medium\"><img fetchpriority=\"high\" decoding=\"async\" width=\"300\" height=\"292\" src=\"http:\/\/movidaaperitivo.de\/wp-content\/uploads\/2025\/03\/IMG_2974-300x292.jpeg\" alt=\"\" class=\"wp-image-1870\" srcset=\"https:\/\/movidaaperitivo.de\/wp-content\/uploads\/2025\/03\/IMG_2974-300x292.jpeg 300w, https:\/\/movidaaperitivo.de\/wp-content\/uploads\/2025\/03\/IMG_2974-1024x998.jpeg 1024w, https:\/\/movidaaperitivo.de\/wp-content\/uploads\/2025\/03\/IMG_2974-768x748.jpeg 768w, https:\/\/movidaaperitivo.de\/wp-content\/uploads\/2025\/03\/IMG_2974-12x12.jpeg 12w, https:\/\/movidaaperitivo.de\/wp-content\/uploads\/2025\/03\/IMG_2974.jpeg 1179w\" sizes=\"(max-width: 300px) 100vw, 300px\" \/><\/figure>\n\n\n\n<div data-aos= \"fade-up\" data-aos-duration=\"400\" data-aos-delay=\"0\" data-aos-easing=\"ease\" data-aos-once=\"true\" class=\"wp-block-uagb-info-box uagb-block-e7f1c0dc uagb-infobox__content-wrap  uagb-infobox-icon-above-title uagb-infobox-image-valign-top\"><div class=\"uagb-ifb-content\"><div class=\"uagb-ifb-image-content\"><img loading=\"lazy\" decoding=\"async\" src=\"http:\/\/movidaaperitivo.de\/wp-content\/uploads\/2025\/03\/IMG_3138.jpeg\" alt=\"\" width=\"100\" height=\"132\"\/><\/div><div class=\"uagb-ifb-title-wrap\"><\/div><div class=\"uagb-ifb-desc\">\n<p><\/p>\n<\/div><\/div><\/div>\n<\/div>\n\n\n\n<div style=\"height:42px\" aria-hidden=\"true\" class=\"wp-block-spacer uag-hide-tab uag-hide-mob\"><\/div>\n<\/div>\n<\/div><\/div>\n\n\n\n<div class=\"wp-block-uagb-container uagb-layout-grid uagb-block-1cca6035 alignfull uagb-is-root-container\"><div class=\"uagb-container-inner-blocks-wrap\">\n<div class=\"wp-block-uagb-info-box uagb-block-be3daac0 uagb-infobox__content-wrap  uagb-infobox-icon-above-title uagb-infobox-image-valign-top\"><div class=\"uagb-ifb-content\"><div class=\"uagb-ifb-title-wrap\"><span class=\"uagb-ifb-title-prefix\">Testimonials<\/span><h2 class=\"uagb-ifb-title\">What our Guests say<\/h2><\/div><\/div><\/div>\n\n\n\n<div class=\"wp-block-uagb-testimonial uagb-slick-carousel uagb-tm__arrow-outside uagb-block-89e61ad5 uagb-post__carousel_equal-height\"><div class=\"is-carousel uagb-tm__columns-3 uagb-tm__items\"><div class=\"uagb-testimonial__wrap  uagb-tm__imgicon-style-circle uagb-tm__image-position-top uagb-tm__bg-type-color\"><div class=\"uagb-tm__content\"><div class=\"uagb-tm__overlay\"><\/div><div class=\"uagb-tm__image-content\"><div class=\"uagb-tm__image\"><img loading=\"lazy\" decoding=\"async\" class=\"uagb-tm-img-src\" src=\"http:\/\/movidaaperitivo.de\/wp-content\/uploads\/2024\/06\/woman-silhouette-2-300x300.png\" alt=\"\" width=\"60\" height=\"60\"\/><\/div><\/div><div class=\"uagb-tm__text-wrap\"><div class=\"uagb-tm__desc\">Essen lecker, Personal zugewandt freundlich, Ambiente offen und gem\u00fctlich. Wir kommen wieder!<\/div><div class=\"uagb-tm__meta-inner\"><div class=\"uagb-testimonial-details\"><span class=\"uagb-tm__author-name\"><\/span><span class=\"uagb-tm__company\"><\/span><\/div><\/div><\/div><\/div><\/div><div class=\"uagb-testimonial__wrap  uagb-tm__imgicon-style-circle uagb-tm__image-position-top uagb-tm__bg-type-color\"><div class=\"uagb-tm__content\"><div class=\"uagb-tm__overlay\"><\/div><div class=\"uagb-tm__image-content\"><div class=\"uagb-tm__image\"><img loading=\"lazy\" decoding=\"async\" class=\"uagb-tm-img-src\" src=\"http:\/\/movidaaperitivo.de\/wp-content\/uploads\/2024\/06\/silhouette-300x300.png\" alt=\"\" width=\"60\" height=\"60\"\/><\/div><\/div><div class=\"uagb-tm__text-wrap\"><div class=\"uagb-tm__desc\">Kleines, etwas verstecktes Restaurant mit sehr guter italienisch-sardischer K\u00fcche. Gem\u00fctliches, famili\u00e4res Ambiente. Absolute Empfehlung von mir.<\/div><div class=\"uagb-tm__meta-inner\"><div class=\"uagb-testimonial-details\"><span class=\"uagb-tm__author-name\"><\/span><span class=\"uagb-tm__company\"><\/span><\/div><\/div><\/div><\/div><\/div><div class=\"uagb-testimonial__wrap  uagb-tm__imgicon-style-circle uagb-tm__image-position-top uagb-tm__bg-type-color\"><div class=\"uagb-tm__content\"><div class=\"uagb-tm__overlay\"><\/div><div class=\"uagb-tm__image-content\"><div class=\"uagb-tm__image\"><img loading=\"lazy\" decoding=\"async\" class=\"uagb-tm-img-src\" src=\"http:\/\/movidaaperitivo.de\/wp-content\/uploads\/2024\/06\/male-student-silhouette-300x300.png\" alt=\"\" width=\"60\" height=\"60\"\/><\/div><\/div><div class=\"uagb-tm__text-wrap\"><div class=\"uagb-tm__desc\">Sehr leckeres Essen, toller Service und gutes Ambiente. Es lief entspannte italienische Musik. Die Karte ist klein und daf\u00fcr gibt es leckeres Essen in guter Gr\u00f6\u00dfe. Der Wein war toll und dazu kam eine kleine Platte mit Oliven Chips und N\u00fcssen &#8211; sehr gut. Der Nachtisch und Espresso waren super. Ich komme wieder.<\/div><div class=\"uagb-tm__meta-inner\"><div class=\"uagb-testimonial-details\"><span class=\"uagb-tm__author-name\"><\/span><span class=\"uagb-tm__company\"><\/span><\/div><\/div><\/div><\/div><\/div><div class=\"uagb-testimonial__wrap  uagb-tm__imgicon-style-circle uagb-tm__image-position-top uagb-tm__bg-type-color\"><div class=\"uagb-tm__content\"><div class=\"uagb-tm__overlay\"><\/div><div class=\"uagb-tm__image-content\"><div class=\"uagb-tm__image\"><img loading=\"lazy\" decoding=\"async\" class=\"uagb-tm-img-src\" src=\"http:\/\/movidaaperitivo.de\/wp-content\/uploads\/2024\/06\/woman-silhouette-2-300x300.png\" alt=\"\" width=\"60\" height=\"60\"\/><\/div><\/div><div class=\"uagb-tm__text-wrap\"><div class=\"uagb-tm__desc\">Sehr netter kleiner Italiener mit leckeren Kleinigkeiten aber auch gutem Essen! Hervorragender Wein und sehr freundliches Personal.<\/div><div class=\"uagb-tm__meta-inner\"><div class=\"uagb-testimonial-details\"><span class=\"uagb-tm__author-name\"><\/span><span class=\"uagb-tm__company\"><\/span><\/div><\/div><\/div><\/div><\/div><div class=\"uagb-testimonial__wrap  uagb-tm__imgicon-style-circle uagb-tm__image-position-top uagb-tm__bg-type-color\"><div class=\"uagb-tm__content\"><div class=\"uagb-tm__overlay\"><\/div><div class=\"uagb-tm__image-content\"><div class=\"uagb-tm__image\"><img loading=\"lazy\" decoding=\"async\" class=\"uagb-tm-img-src\" src=\"http:\/\/movidaaperitivo.de\/wp-content\/uploads\/2024\/06\/male-student-silhouette-300x300.png\" alt=\"\" width=\"60\" height=\"60\"\/><\/div><\/div><div class=\"uagb-tm__text-wrap\"><div class=\"uagb-tm__desc\">Der Geheimtipp in Friedenau und ein absolutes Muss! Authentische italienische K\u00fcche und einfach nur lecker. Die Karte ist klein aber fein und es lohnt sich nach Gerichten abseits der Karte zu fragen. Auch auf individuelle W\u00fcnsche wird gerne eingegangen. Das Personal ist sehr freundlich und zuvorkommend und wir f\u00fchlen uns hier immer wohl und willkommen.<\/div><div class=\"uagb-tm__meta-inner\"><div class=\"uagb-testimonial-details\"><span class=\"uagb-tm__author-name\"><\/span><span class=\"uagb-tm__company\"><\/span><\/div><\/div><\/div><\/div><\/div><div class=\"uagb-testimonial__wrap  uagb-tm__imgicon-style-circle uagb-tm__image-position-top uagb-tm__bg-type-color\"><div class=\"uagb-tm__content\"><div class=\"uagb-tm__overlay\"><\/div><div class=\"uagb-tm__image-content\"><div class=\"uagb-tm__image\"><img loading=\"lazy\" decoding=\"async\" class=\"uagb-tm-img-src\" src=\"http:\/\/movidaaperitivo.de\/wp-content\/uploads\/2024\/06\/woman-silhouette-2-300x300.png\" alt=\"\" width=\"60\" height=\"60\"\/><\/div><\/div><div class=\"uagb-tm__text-wrap\"><div class=\"uagb-tm__desc\"><br>Ein Geheimtipp! Essen, Atmosph\u00e4re und Service super, und sehr ruhig obwohl so nah an der S-Bahn.<\/div><div class=\"uagb-tm__meta-inner\"><div class=\"uagb-testimonial-details\"><span class=\"uagb-tm__author-name\"><\/span><span class=\"uagb-tm__company\"><\/span><\/div><\/div><\/div><\/div><\/div><\/div><\/div>\n<\/div><\/div>\n\n\n\n<div class=\"wp-block-uagb-container uagb-block-74ee23fa alignfull uagb-is-root-container\"><div class=\"uagb-container-inner-blocks-wrap\">\n<h2 class=\"wp-block-heading has-text-align-center\">Reservations<\/h2>\n\n\n\n<p class=\"has-text-align-center\">FOR RESERVATIONS, PLEASE MAKE SURE TO INCLUDE YOUR NAME, PHONE NUMBER, AND EMAIL ADDRESS.<\/p>\n\n\n<span class=\"glf-button-default glf-button reservation\" style=''  data-glf-cuid=\"\" data-glf-ruid=\"5a155a15-b35f-424c-9366-0a0adb6faf98\" data-glf-reservation=\"true\" data-location=\"5a155a15-b35f-424c-9366-0a0adb6faf98\">Table Reservation<\/span><script src=\"https:\/\/www.fbgcdn.com\/embedder\/js\/ewm2.js\" defer async><\/script><style> .glf-reservations-location > span{display:none;} <\/style><\/div><\/div>","protected":false},"excerpt":{"rendered":"<p>Reservierungen BEI RESERVIERUNGEN BITTEN WIR SIE, UNBEDINGT IHREN NAMEN, TELEFONNUMMER UND E-MAIL-ADRESSE ANZUGEBEN.<\/p>","protected":false},"author":1,"featured_media":0,"parent":0,"menu_order":0,"comment_status":"closed","ping_status":"closed","template":"","meta":{"om_disable_all_campaigns":false,"_uag_custom_page_level_css":"","_monsterinsights_skip_tracking":false,"_monsterinsights_sitenote_active":false,"_monsterinsights_sitenote_note":"","_monsterinsights_sitenote_category":0,"site-sidebar-layout":"no-sidebar","site-content-layout":"plain-container","ast-site-content-layout":"normal-width-container","site-content-style":"unboxed","site-sidebar-style":"unboxed","ast-global-header-display":"","ast-banner-title-visibility":"","ast-main-header-display":"","ast-hfb-above-header-display":"","ast-hfb-below-header-display":"","ast-hfb-mobile-header-display":"","site-post-title":"disabled","ast-breadcrumbs-content":"","ast-featured-img":"disabled","footer-sml-layout":"","ast-disable-related-posts":"","theme-transparent-header-meta":"enabled","adv-header-id-meta":"","stick-header-meta":"","header-above-stick-meta":"","header-main-stick-meta":"","header-below-stick-meta":"","astra-migrate-meta-layouts":"set","ast-page-background-enabled":"default","ast-page-background-meta":{"desktop":{"background-color":"","background-image":"","background-repeat":"repeat","background-position":"center center","background-size":"auto","background-attachment":"scroll","background-type":"","background-media":"","overlay-type":"","overlay-color":"","overlay-opacity":"","overlay-gradient":""},"tablet":{"background-color":"","background-image":"","background-repeat":"repeat","background-position":"center center","background-size":"auto","background-attachment":"scroll","background-type":"","background-media":"","overlay-type":"","overlay-color":"","overlay-opacity":"","overlay-gradient":""},"mobile":{"background-color":"","background-image":"","background-repeat":"repeat","background-position":"center center","background-size":"auto","background-attachment":"scroll","background-type":"","background-media":"","overlay-type":"","overlay-color":"","overlay-opacity":"","overlay-gradient":""}},"ast-content-background-meta":{"desktop":{"background-color":"var(--ast-global-color-4)","background-image":"","background-repeat":"repeat","background-position":"center center","background-size":"auto","background-attachment":"scroll","background-type":"","background-media":"","overlay-type":"","overlay-color":"","overlay-opacity":"","overlay-gradient":""},"tablet":{"background-color":"var(--ast-global-color-4)","background-image":"","background-repeat":"repeat","background-position":"center center","background-size":"auto","background-attachment":"scroll","background-type":"","background-media":"","overlay-type":"","overlay-color":"","overlay-opacity":"","overlay-gradient":""},"mobile":{"background-color":"var(--ast-global-color-4)","background-image":"","background-repeat":"repeat","background-position":"center center","background-size":"auto","background-attachment":"scroll","background-type":"","background-media":"","overlay-type":"","overlay-color":"","overlay-opacity":"","overlay-gradient":""}},"footnotes":""},"class_list":["post-366","page","type-page","status-publish","hentry"],"aioseo_notices":[],"uagb_featured_image_src":{"full":false,"thumbnail":false,"medium":false,"medium_large":false,"large":false,"1536x1536":false,"2048x2048":false,"trp-custom-language-flag":false},"uagb_author_info":{"display_name":"aperitivocafe.de","author_link":"https:\/\/movidaaperitivo.de\/en\/author\/mittmanns-com\/"},"uagb_comment_info":0,"uagb_excerpt":"Reservierungen BEI RESERVIERUNGEN BITTEN WIR SIE, UNBEDINGT IHREN NAMEN, TELEFONNUMMER UND E-MAIL-ADRESSE ANZUGEBEN.","_links":{"self":[{"href":"https:\/\/movidaaperitivo.de\/en\/wp-json\/wp\/v2\/pages\/366","targetHints":{"allow":["GET"]}}],"collection":[{"href":"https:\/\/movidaaperitivo.de\/en\/wp-json\/wp\/v2\/pages"}],"about":[{"href":"https:\/\/movidaaperitivo.de\/en\/wp-json\/wp\/v2\/types\/page"}],"author":[{"embeddable":true,"href":"https:\/\/movidaaperitivo.de\/en\/wp-json\/wp\/v2\/users\/1"}],"replies":[{"embeddable":true,"href":"https:\/\/movidaaperitivo.de\/en\/wp-json\/wp\/v2\/comments?post=366"}],"version-history":[{"count":116,"href":"https:\/\/movidaaperitivo.de\/en\/wp-json\/wp\/v2\/pages\/366\/revisions"}],"predecessor-version":[{"id":1976,"href":"https:\/\/movidaaperitivo.de\/en\/wp-json\/wp\/v2\/pages\/366\/revisions\/1976"}],"wp:attachment":[{"href":"https:\/\/movidaaperitivo.de\/en\/wp-json\/wp\/v2\/media?parent=366"}],"curies":[{"name":"wp","href":"https:\/\/api.w.org\/{rel}","templated":true}]}}